{"id":576,"date":"2024-07-18T02:36:15","date_gmt":"2024-07-18T02:36:15","guid":{"rendered":"https:\/\/fragmentales.com\/es\/home-2\/"},"modified":"2025-07-03T21:01:04","modified_gmt":"2025-07-04T00:01:04","slug":"home-2","status":"publish","type":"page","link":"https:\/\/fragmentales.com\/es\/","title":{"rendered":"Home"},"content":{"rendered":"\n<div style=\"height:25px\" aria-hidden=\"true\" class=\"wp-block-spacer\"><\/div>\n\n\n\n<div class=\"wp-block-group is-content-justification-space-between is-nowrap is-layout-flex wp-container-core-group-is-layout-3251915b wp-block-group-is-layout-flex\" style=\"margin-top:0;margin-bottom:0;padding-top:0;padding-right:var(--wp--preset--spacing--30);padding-bottom:0;padding-left:var(--wp--preset--spacing--30)\">\n<div class=\"wp-block-group is-content-justification-left is-layout-constrained wp-container-core-group-is-layout-b2eaac4c wp-block-group-is-layout-constrained\" style=\"margin-top:0;margin-bottom:0;padding-top:0;padding-right:0;padding-bottom:0;padding-left:0\"><div id=\"Last_post\">\r\n\t\t<h5 class=\"wp-block-heading has-text-align-left\"> Continuar Leyendo: <\/h5>\r\n<\/div>\r\n\r\n<div id=\"Last_post_data\">\r\n\t\t<h5 class=\"wp-block-heading has-text-align-left\">\u2022<\/h5>\r\n<\/div>\r\n\r\n<script type=\"text\/javascript\">\r\n\tvar localStorageName = 'lastEpisode';\r\n\tvar codeData = localStorage.getItem( localStorageName );\r\n\r\n\tif ( codeData === null ) {\r\n\tdocument.getElementById(\"Last_post\").style.display = \"none\";\r\n\tdocument.getElementById(\"Last_post_data\").style.display = \"none\";\r\n\t}\r\n<\/script>\n<\/div>\n\n\n\n<div class=\"wp-block-group uag-hide-desktop is-layout-flow wp-block-group-is-layout-flow\"><nav class=\"items-justified-right wp-block-navigation is-content-justification-right is-layout-flex wp-container-core-navigation-is-layout-d445cf74 wp-block-navigation-is-layout-flex\" aria-label=\"Idioma\"><ul class=\"wp-block-navigation__container items-justified-right wp-block-navigation\"><li data-wp-context=\"{ &quot;submenuOpenedBy&quot;: { &quot;click&quot;: false, &quot;hover&quot;: false, &quot;focus&quot;: false }, &quot;type&quot;: &quot;submenu&quot;, &quot;modal&quot;: null }\" data-wp-interactive=\"core\/navigation\" data-wp-on--focusout=\"actions.handleMenuFocusout\" data-wp-on--keydown=\"actions.handleMenuKeydown\" data-wp-watch=\"callbacks.initMenu\" tabindex=\"-1\" class=\"wp-block-navigation-item has-child open-on-click wp-block-navigation-submenu\"><button data-wp-bind--aria-expanded=\"state.isMenuOpen\" data-wp-on-async--click=\"actions.toggleMenuOnClick\" aria-label=\"Submen\u00fa de Espa\u00f1ol\" class=\"wp-block-navigation-item__content wp-block-navigation-submenu__toggle\" ><span class=\"wp-block-navigation-item__label\"><span class=\"menu-image-title-hide menu-image-title\">Espa\u00f1ol<\/span><img loading=\"lazy\" decoding=\"async\" width=\"36\" height=\"24\" src=\"https:\/\/fragmentales.com\/es\/wp-content\/uploads\/sites\/3\/2024\/07\/Flag_of_Spain_Civil.svg.png\" class=\"menu-image menu-image-title-hide\" alt=\"\" \/><\/span><\/button><span class=\"wp-block-navigation__submenu-icon\"><svg xmlns=\"http:\/\/www.w3.org\/2000\/svg\" width=\"12\" height=\"12\" viewBox=\"0 0 12 12\" fill=\"none\" aria-hidden=\"true\" focusable=\"false\"><path d=\"M1.50002 4L6.00002 8L10.5 4\" stroke-width=\"1.5\"><\/path><\/svg><\/span><ul data-wp-on-async--focus=\"actions.openMenuOnFocus\" class=\"wp-block-navigation__submenu-container wp-block-navigation-submenu\"><li class=\" wp-block-navigation-item wp-block-navigation-link\"><a class=\"wp-block-navigation-item__content\"  href=\"https:\/\/fragmentales.com\/en\/\"><span class=\"wp-block-navigation-item__label\"><img loading=\"lazy\" decoding=\"async\" width=\"36\" height=\"24\" src=\"https:\/\/fragmentales.com\/es\/wp-content\/uploads\/sites\/3\/2024\/07\/Flag_Eng.png\" class=\"menu-image menu-image-title-after\" alt=\"\" \/><span class=\"menu-image-title-after menu-image-title\">English<\/span><\/span><\/a><\/li><\/ul><\/li><\/ul><\/nav><\/div>\n<\/div>\n\n\n\n<div class=\"wp-block-group alignfull is-layout-constrained wp-container-core-group-is-layout-639b5052 wp-block-group-is-layout-constrained\" style=\"padding-top:0;padding-right:0;padding-bottom:0;padding-left:0\">\n<div class=\"wp-block-group alignfull is-horizontal is-content-justification-center is-layout-flex wp-container-core-group-is-layout-2a470820 wp-block-group-is-layout-flex\">\n<div class=\"wp-block-group is-layout-constrained wp-container-core-group-is-layout-d94cbfc1 wp-block-group-is-layout-constrained\" style=\"margin-top:0;margin-bottom:0;padding-right:var(--wp--preset--spacing--40);padding-left:var(--wp--preset--spacing--40)\">\n<h2 class=\"wp-block-heading has-text-align-center\">\u00a1Le\u00e9 la \u00faltima actualizaci\u00f3n!<\/h2>\n\n\n\n<div class=\"wp-block-query is-layout-constrained wp-block-query-is-layout-constrained\"><ul class=\"wp-block-post-template is-layout-flow wp-container-core-post-template-is-layout-3ee800f6 wp-block-post-template-is-layout-flow\"><li class=\"wp-block-post post-2811 post type-post status-publish format-standard has-post-thumbnail hentry category-episodes tag-episode_02\">\n<figure style=\"padding-right:var(--wp--preset--spacing--50);padding-left:var(--wp--preset--spacing--50);\" class=\"wp-block-post-featured-image\"><a href=\"https:\/\/fragmentales.com\/es\/c02_08\/\" target=\"_self\"  ><img loading=\"lazy\" decoding=\"async\" width=\"600\" height=\"600\" src=\"https:\/\/fragmentales.com\/es\/wp-content\/uploads\/sites\/3\/2025\/08\/Thumb_Post_2-08.jpg\" class=\"attachment-post-thumbnail size-post-thumbnail wp-post-image\" alt=\"Una Gran Ensalada de Frutas | p\u00e1g. 31-34\" style=\"border-radius:20px;object-fit:cover;\" srcset=\"https:\/\/fragmentales.com\/es\/wp-content\/uploads\/sites\/3\/2025\/08\/Thumb_Post_2-08.jpg 600w, https:\/\/fragmentales.com\/es\/wp-content\/uploads\/sites\/3\/2025\/08\/Thumb_Post_2-08-300x300.jpg 300w, https:\/\/fragmentales.com\/es\/wp-content\/uploads\/sites\/3\/2025\/08\/Thumb_Post_2-08-150x150.jpg 150w, https:\/\/fragmentales.com\/es\/wp-content\/uploads\/sites\/3\/2025\/08\/Thumb_Post_2-08-24x24.jpg 24w, https:\/\/fragmentales.com\/es\/wp-content\/uploads\/sites\/3\/2025\/08\/Thumb_Post_2-08-36x36.jpg 36w, https:\/\/fragmentales.com\/es\/wp-content\/uploads\/sites\/3\/2025\/08\/Thumb_Post_2-08-48x48.jpg 48w, https:\/\/fragmentales.com\/es\/wp-content\/uploads\/sites\/3\/2025\/08\/Thumb_Post_2-08-96x96.jpg 96w\" sizes=\"auto, (max-width: 600px) 100vw, 600px\" \/><\/a><\/figure>\n\n\n<div style=\"height:20px\" aria-hidden=\"true\" class=\"wp-block-spacer\"><\/div>\n\n\n<h4 style=\"margin-right:0;margin-left:0;margin-top:var(--wp--preset--spacing--20);margin-bottom:var(--wp--preset--spacing--20);\" class=\"has-text-align-center wp-block-post-title\"><a href=\"https:\/\/fragmentales.com\/es\/c02_08\/\" target=\"_self\" >Una Gran Ensalada de Frutas | p\u00e1g. 31-34<\/a><\/h4>\n\n<div style=\"padding-top:0;padding-bottom:0;\" class=\"has-text-align-center wp-block-post-date\"><time datetime=\"2025-08-21T07:00:00-03:00\"><a href=\"https:\/\/fragmentales.com\/es\/c02_08\/\">agosto 21, 2025<\/a><\/time><\/div>\n<\/li><\/ul>\n\n<\/div>\n\n\n\n<div style=\"height:40px\" aria-hidden=\"true\" class=\"wp-block-spacer\"><\/div>\n<\/div>\n\n\n\n<div class=\"wp-block-group is-layout-constrained wp-container-core-group-is-layout-d94cbfc1 wp-block-group-is-layout-constrained\" style=\"margin-top:0;margin-bottom:0;padding-right:var(--wp--preset--spacing--40);padding-left:var(--wp--preset--spacing--40)\">\n<h2 class=\"wp-block-heading has-text-align-center\">\u00a1Empez\u00e1 desde el principio!<\/h2>\n\n\n\n<div class=\"wp-block-query is-layout-constrained wp-block-query-is-layout-constrained\"><ul class=\"wp-block-post-template is-layout-constrained wp-block-post-template-is-layout-constrained\"><li class=\"wp-block-post post-2019 post type-post status-publish format-standard has-post-thumbnail hentry category-episodes tag-episode_01 tag-first_post\">\n<figure style=\"padding-right:var(--wp--preset--spacing--50);padding-left:var(--wp--preset--spacing--50);\" class=\"wp-block-post-featured-image\"><a href=\"https:\/\/fragmentales.com\/es\/c01_00\/\" target=\"_self\"  ><img loading=\"lazy\" decoding=\"async\" width=\"600\" height=\"600\" src=\"https:\/\/fragmentales.com\/es\/wp-content\/uploads\/sites\/3\/2024\/08\/Thumb_Post00-1.jpg\" class=\"attachment-post-thumbnail size-post-thumbnail wp-post-image\" alt=\"Amigos y Aventura | Portada\" style=\"border-radius:20px;object-fit:cover;\" srcset=\"https:\/\/fragmentales.com\/es\/wp-content\/uploads\/sites\/3\/2024\/08\/Thumb_Post00-1.jpg 600w, https:\/\/fragmentales.com\/es\/wp-content\/uploads\/sites\/3\/2024\/08\/Thumb_Post00-1-300x300.jpg 300w, https:\/\/fragmentales.com\/es\/wp-content\/uploads\/sites\/3\/2024\/08\/Thumb_Post00-1-150x150.jpg 150w, https:\/\/fragmentales.com\/es\/wp-content\/uploads\/sites\/3\/2024\/08\/Thumb_Post00-1-24x24.jpg 24w, https:\/\/fragmentales.com\/es\/wp-content\/uploads\/sites\/3\/2024\/08\/Thumb_Post00-1-36x36.jpg 36w, https:\/\/fragmentales.com\/es\/wp-content\/uploads\/sites\/3\/2024\/08\/Thumb_Post00-1-48x48.jpg 48w, https:\/\/fragmentales.com\/es\/wp-content\/uploads\/sites\/3\/2024\/08\/Thumb_Post00-1-96x96.jpg 96w\" sizes=\"auto, (max-width: 600px) 100vw, 600px\" \/><\/a><\/figure>\n\n\n<div style=\"height:20px\" aria-hidden=\"true\" class=\"wp-block-spacer\"><\/div>\n\n\n<h4 style=\"margin-top:var(--wp--preset--spacing--20);margin-bottom:var(--wp--preset--spacing--20);margin-left:0;margin-right:0;\" class=\"has-text-align-center wp-block-post-title\"><a href=\"https:\/\/fragmentales.com\/es\/c01_00\/\" target=\"_self\" >Amigos y Aventura | Portada<\/a><\/h4>\n\n<div class=\"has-text-align-center wp-block-post-date\"><time datetime=\"2024-08-22T06:00:58-03:00\"><a href=\"https:\/\/fragmentales.com\/es\/c01_00\/\">agosto 22, 2024<\/a><\/time><\/div>\n<\/li><\/ul>\n\n<\/div>\n\n\n\n<div style=\"height:40px\" aria-hidden=\"true\" class=\"wp-block-spacer\"><\/div>\n<\/div>\n<\/div>\n<\/div>\n","protected":false},"excerpt":{"rendered":"<p>\u00a1Le\u00e9 la \u00faltima actualizaci\u00f3n! \u00a1Empez\u00e1 desde el principio!<\/p>\n","protected":false},"author":1,"featured_media":1839,"parent":0,"menu_order":0,"comment_status":"closed","ping_status":"closed","template":"","meta":{"_uag_custom_page_level_css":"","ub_ctt_via":"","site-sidebar-layout":"no-sidebar","site-content-layout":"plain-container","ast-site-content-layout":"normal-width-container","site-content-style":"unboxed","site-sidebar-style":"unboxed","ast-global-header-display":"","ast-banner-title-visibility":"","ast-main-header-display":"","ast-hfb-above-header-display":"","ast-hfb-below-header-display":"","ast-hfb-mobile-header-display":"","site-post-title":"disabled","ast-breadcrumbs-content":"","ast-featured-img":"","footer-sml-layout":"","theme-transparent-header-meta":"default","adv-header-id-meta":"","stick-header-meta":"","header-above-stick-meta":"","header-main-stick-meta":"","header-below-stick-meta":"","astra-migrate-meta-layouts":"set","ast-page-background-enabled":"default","ast-page-background-meta":{"desktop":{"background-color":"","background-image":"","background-repeat":"repeat","background-position":"center center","background-size":"auto","background-attachment":"scroll","background-type":"","background-media":"","overlay-type":"","overlay-color":"","overlay-opacity":"","overlay-gradient":""},"tablet":{"background-color":"","background-image":"","background-repeat":"repeat","background-position":"center center","background-size":"auto","background-attachment":"scroll","background-type":"","background-media":"","overlay-type":"","overlay-color":"","overlay-opacity":"","overlay-gradient":""},"mobile":{"background-color":"","background-image":"","background-repeat":"repeat","background-position":"center center","background-size":"auto","background-attachment":"scroll","background-type":"","background-media":"","overlay-type":"","overlay-color":"","overlay-opacity":"","overlay-gradient":""}},"ast-content-background-meta":{"desktop":{"background-color":"var(--ast-global-color-5)","background-image":"","background-repeat":"repeat","background-position":"center center","background-size":"auto","background-attachment":"scroll","background-type":"","background-media":"","overlay-type":"","overlay-color":"","overlay-opacity":"","overlay-gradient":""},"tablet":{"background-color":"var(--ast-global-color-5)","background-image":"","background-repeat":"repeat","background-position":"center center","background-size":"auto","background-attachment":"scroll","background-type":"","background-media":"","overlay-type":"","overlay-color":"","overlay-opacity":"","overlay-gradient":""},"mobile":{"background-color":"var(--ast-global-color-5)","background-image":"","background-repeat":"repeat","background-position":"center center","background-size":"auto","background-attachment":"scroll","background-type":"","background-media":"","overlay-type":"","overlay-color":"","overlay-opacity":"","overlay-gradient":""}},"footnotes":""},"class_list":["post-576","page","type-page","status-publish","has-post-thumbnail","hentry"],"featured_image_src":"https:\/\/fragmentales.com\/es\/wp-content\/uploads\/sites\/3\/2024\/08\/Social-Share-Banner-1080.png","uagb_featured_image_src":{"full":["https:\/\/fragmentales.com\/es\/wp-content\/uploads\/sites\/3\/2024\/08\/Social-Share-Banner-1080.png",2066,1080,false],"thumbnail":["https:\/\/fragmentales.com\/es\/wp-content\/uploads\/sites\/3\/2024\/08\/Social-Share-Banner-1080-150x150.png",150,150,true],"medium":["https:\/\/fragmentales.com\/es\/wp-content\/uploads\/sites\/3\/2024\/08\/Social-Share-Banner-1080-300x157.png",300,157,true],"medium_large":["https:\/\/fragmentales.com\/es\/wp-content\/uploads\/sites\/3\/2024\/08\/Social-Share-Banner-1080-768x401.png",768,401,true],"large":["https:\/\/fragmentales.com\/es\/wp-content\/uploads\/sites\/3\/2024\/08\/Social-Share-Banner-1080-1024x535.png",1024,535,true],"1536x1536":["https:\/\/fragmentales.com\/es\/wp-content\/uploads\/sites\/3\/2024\/08\/Social-Share-Banner-1080-1536x803.png",1536,803,true],"2048x2048":["https:\/\/fragmentales.com\/es\/wp-content\/uploads\/sites\/3\/2024\/08\/Social-Share-Banner-1080-2048x1071.png",2048,1071,true],"menu-24x24":["https:\/\/fragmentales.com\/es\/wp-content\/uploads\/sites\/3\/2024\/08\/Social-Share-Banner-1080-24x13.png",24,13,true],"menu-36x36":["https:\/\/fragmentales.com\/es\/wp-content\/uploads\/sites\/3\/2024\/08\/Social-Share-Banner-1080-36x19.png",36,19,true],"menu-48x48":["https:\/\/fragmentales.com\/es\/wp-content\/uploads\/sites\/3\/2024\/08\/Social-Share-Banner-1080-48x25.png",48,25,true],"profile_24":["https:\/\/fragmentales.com\/es\/wp-content\/uploads\/sites\/3\/2024\/08\/Social-Share-Banner-1080-24x24.png",24,24,true],"profile_48":["https:\/\/fragmentales.com\/es\/wp-content\/uploads\/sites\/3\/2024\/08\/Social-Share-Banner-1080-48x48.png",48,48,true],"profile_96":["https:\/\/fragmentales.com\/es\/wp-content\/uploads\/sites\/3\/2024\/08\/Social-Share-Banner-1080-96x96.png",96,96,true],"profile_150":["https:\/\/fragmentales.com\/es\/wp-content\/uploads\/sites\/3\/2024\/08\/Social-Share-Banner-1080-150x150.png",150,150,true],"profile_300":["https:\/\/fragmentales.com\/es\/wp-content\/uploads\/sites\/3\/2024\/08\/Social-Share-Banner-1080-300x300.png",300,300,true]},"uagb_author_info":{"display_name":"Diego E","author_link":"https:\/\/fragmentales.com\/es\/author\/diego-edelmangmail-com\/"},"uagb_comment_info":0,"uagb_excerpt":"\u00a1Le\u00e9 la \u00faltima actualizaci\u00f3n! \u00a1Empez\u00e1 desde el principio!","_links":{"self":[{"href":"https:\/\/fragmentales.com\/es\/wp-json\/wp\/v2\/pages\/576","targetHints":{"allow":["GET"]}}],"collection":[{"href":"https:\/\/fragmentales.com\/es\/wp-json\/wp\/v2\/pages"}],"about":[{"href":"https:\/\/fragmentales.com\/es\/wp-json\/wp\/v2\/types\/page"}],"author":[{"embeddable":true,"href":"https:\/\/fragmentales.com\/es\/wp-json\/wp\/v2\/users\/1"}],"replies":[{"embeddable":true,"href":"https:\/\/fragmentales.com\/es\/wp-json\/wp\/v2\/comments?post=576"}],"version-history":[{"count":174,"href":"https:\/\/fragmentales.com\/es\/wp-json\/wp\/v2\/pages\/576\/revisions"}],"predecessor-version":[{"id":2754,"href":"https:\/\/fragmentales.com\/es\/wp-json\/wp\/v2\/pages\/576\/revisions\/2754"}],"wp:featuredmedia":[{"embeddable":true,"href":"https:\/\/fragmentales.com\/es\/wp-json\/wp\/v2\/media\/1839"}],"wp:attachment":[{"href":"https:\/\/fragmentales.com\/es\/wp-json\/wp\/v2\/media?parent=576"}],"curies":[{"name":"wp","href":"https:\/\/api.w.org\/{rel}","templated":true}]}}